{"id":6062,"date":"2020-06-10T03:32:17","date_gmt":"2020-06-10T03:32:17","guid":{"rendered":"http:\/\/www.despachoromacr.com\/?page_id=6062"},"modified":"2025-08-12T15:03:31","modified_gmt":"2025-08-12T21:03:31","slug":"lic-paul-vega-jimenez-maf","status":"publish","type":"page","link":"https:\/\/www.despachoromacr.com\/en\/lic-paul-vega-jimenez-maf\/","title":{"rendered":"Lic. Paul Vega Jim\u00e9nez \u2013 M.TA"},"content":{"rendered":"<p>[vc_row css=&#8221;.vc_custom_1591758176479{margin-top: 15px !important;}&#8221;][vc_column][vc_custom_heading text=&#8221;Lic. Paul Vega Jim\u00e9nez &#8211; MAF&#8221; google_fonts=&#8221;font_family:Roboto%3A100%2C100italic%2C300%2C300italic%2Cregular%2Citalic%2C500%2C500italic%2C700%2C700italic%2C900%2C900italic|font_style:100%20light%20regular%3A100%3Anormal&#8221;][vc_custom_heading text=&#8221;Socio de Auditor\u00eda&#8221; font_container=&#8221;tag:h3|text_align:left&#8221; google_fonts=&#8221;font_family:Roboto%3A100%2C100italic%2C300%2C300italic%2Cregular%2Citalic%2C500%2C500italic%2C700%2C700italic%2C900%2C900italic|font_style:700%20bold%20regular%3A700%3Anormal&#8221;][vc_custom_heading text=&#8221;Datos de contacto&#8221; font_container=&#8221;tag:h3|text_align:left&#8221; google_fonts=&#8221;font_family:Roboto%3A100%2C100italic%2C300%2C300italic%2Cregular%2Citalic%2C500%2C500italic%2C700%2C700italic%2C900%2C900italic|font_style:700%20bold%20regular%3A700%3Anormal&#8221;][vc_custom_heading text=&#8221;E-mail: pvega@despachoromacr.com&#8221; font_container=&#8221;tag:p|text_align:left&#8221; google_fonts=&#8221;font_family:Roboto%3A100%2C100italic%2C300%2C300italic%2Cregular%2Citalic%2C500%2C500italic%2C700%2C700italic%2C900%2C900italic|font_style:300%20light%20regular%3A300%3Anormal&#8221;][vc_column_text][\/vc_column_text][vc_separator][\/vc_column][\/vc_row][vc_row content_placement=&#8221;middle&#8221;][vc_column width=&#8221;1\/4&#8243;][vc_single_image image=&#8221;6476&#8243; img_size=&#8221;&#8221; alignment=&#8221;center&#8221; style=&#8221;vc_box_shadow_3d&#8221;][\/vc_column][vc_column width=&#8221;3\/4&#8243;][vc_column_text]<strong><em>Experiencia <\/em><\/strong><\/p>\n<p>Amplia experiencia en la realizaci\u00f3n y planificaci\u00f3n de Procesos Contables. Aplicaci\u00f3n de las Normas Internacionales de Contabilidad. Capacitado en Auditor\u00eda Forense y participaci\u00f3n en Auditor\u00eda de Sistemas de Informaci\u00f3n.<\/p>\n<p>En el \u00c1rea Tributaria, amplia experiencia en gesti\u00f3n del cumplimiento de las obligaciones ante la Administraci\u00f3n Tributaria, tanto para personas f\u00edsicas o para personas jur\u00eddicas. Desarrollador e implementador de estrategias tributarias. Supervisi\u00f3n en la ejecuci\u00f3n de tr\u00e1mites y obligaciones formales y materiales de los contribuyentes tales como inscripci\u00f3n, modificaciones y des-inscripciones tributarias, tr\u00e1mites de devoluci\u00f3n de saldos a favor. Asimismo, supervisa la correcta tramitolog\u00eda de compras autorizadas y estudios de factores de retenci\u00f3n; elaboraci\u00f3n y revisi\u00f3n de declaraciones tributarias de diversos impuestos como son Impuesto sobre la Renta, IVA, Impuesto Solidario, Retenciones en la Fuente, as\u00ed como la elaboraci\u00f3n y presentaci\u00f3n de las Declaraciones informativas.<\/p>\n<p>En el \u00c1rea Contable, cuenta con amplia experiencia en la realizaci\u00f3n del ciclo contable. Adem\u00e1s, de la coordinaci\u00f3n de supervisiones contables enfocadas en la optimizaci\u00f3n de procesos.<\/p>\n<p>Actualmente, es profesor capacitador en el Centro de Capacitaciones del Colegio de Contadores Privados de Costa Rica.[\/vc_column_text][\/vc_column][\/vc_row][vc_row][vc_column][vc_column_text]<strong><em>Educaci\u00f3n Formal<\/em><\/strong><\/p>\n<p>Universidad de Cooperaci\u00f3n Internacional (UCI)<br \/>\nMaestr\u00eda en Asesor\u00eda Fiscal<\/p>\n<p>Universidad en Ciencias Administrativas San Marcos<br \/>\nLicenciatura en Contadur\u00eda P\u00fablica<\/p>\n<p>Universidad en Ciencias Administrativas San Marcos<br \/>\nBachillerato en Administraci\u00f3n de Empresas<\/p>\n<p>Universidad de Costa Rica.<br \/>\nT\u00e9cnico en Auditor\u00eda de Tecnolog\u00edas de Informaci\u00f3n y Comunicaci\u00f3n (En proceso)<\/p>\n<p><strong><em>Estudios de actualizaci\u00f3n<\/em><\/strong><\/p>\n<ul>\n<li>Forma de llevar los Libros Contables Digitales.<\/li>\n<li>An\u00e1lisis de Estados Financieros seg\u00fan NIIF para Pymes.<\/li>\n<li>Especializaci\u00f3n en Impuestos.<\/li>\n<li>Auditor\u00eda Forense.<\/li>\n<li>Colegio de Contadores P\u00fablicos de Costa Rica, Certificaci\u00f3n en NIIF y NIAS.<\/li>\n<li>Factura Electr\u00f3nica<\/li>\n<li>Leasing- an\u00e1lisis 360<\/li>\n<li>Colegio de Contadores Privados de Costa Rica Sede Desamparados: Implementaci\u00f3n Pr\u00e1ctica de la Ley 9635 \u2013 Ley de Fortalecimiento de las Finanzas P\u00fablicas<\/li>\n<li>Colegio de Contadores Privados de Costa Rica, Sede Alajuela: Ley de Fortalecimiento de las Finanzas P\u00fablicas<\/li>\n<li>Colegio de Contadores Privados de Costa Rica Sede Desamparados: Ley 9635 \u2013 Ley de Fortalecimiento de las Finanzas P\u00fablicas<\/li>\n<li>Instituto Costarricense de Estudios Fiscales: Ciclo de Mesas Redondas ICEF &#8220;An\u00e1lisis de la ley del fortalecimiento de las finanzas p\u00fablicas&#8221;<\/li>\n<\/ul>\n<p>[\/vc_column_text][vc_column_text]<strong><em>Datos de contacto<\/em><\/strong><\/p>\n<p>E-mail: <a href=\"mailto:pvega@despachoromacr.com\">pvega@despachoromacr.com<\/a>[\/vc_column_text][\/vc_column][\/vc_row]<\/p>\n","protected":false},"excerpt":{"rendered":"<p>[vc_row css=&#8221;.vc_custom_1591758176479{margin-top: 15px !important;}&#8221;][vc_column][vc_custom_heading text=&#8221;Lic. Paul Vega Jim\u00e9nez &#8211; MAF&#8221; google_fonts=&#8221;font_family:Roboto%3A100%2C100italic%2C300%2C300italic%2Cregular%2Citalic%2C500%2C500italic%2C700%2C700italic%2C900%2C900italic|font_style:100%20light%20regular%3A100%3Anormal&#8221;][vc_custom_heading text=&#8221;Socio de Auditor\u00eda&#8221; font_container=&#8221;tag:h3|text_align:left&#8221; google_fonts=&#8221;font_family:Roboto%3A100%2C100italic%2C300%2C300italic%2Cregular%2Citalic%2C500%2C500italic%2C700%2C700italic%2C900%2C900italic|font_style:700%20bold%20regular%3A700%3Anormal&#8221;][vc_custom_heading text=&#8221;Datos de contacto&#8221; font_container=&#8221;tag:h3|text_align:left&#8221; google_fonts=&#8221;font_family:Roboto%3A100%2C100italic%2C300%2C300italic%2Cregular%2Citalic%2C500%2C500italic%2C700%2C700italic%2C900%2C900italic|font_style:700%20bold%20regular%3A700%3Anormal&#8221;][vc_custom_heading text=&#8221;E-mail: pvega@despachoromacr.com&#8221; font_container=&#8221;tag:p|text_align:left&#8221; google_fonts=&#8221;font_family:Roboto%3A100%2C100italic%2C300%2C300italic%2Cregular%2Citalic%2C500%2C500italic%2C700%2C700italic%2C900%2C900italic|font_style:300%20light%20regular%3A300%3Anormal&#8221;][vc_column_text][\/vc_column_text][vc_separator][\/vc_column][\/vc_row][vc_row content_placement=&#8221;middle&#8221;][vc_column width=&#8221;1\/4&#8243;][vc_single_image image=&#8221;6476&#8243; img_size=&#8221;&#8221; alignment=&#8221;center&#8221; style=&#8221;vc_box_shadow_3d&#8221;][\/vc_column][vc_column width=&#8221;3\/4&#8243;][vc_column_text]Experiencia Amplia experiencia en la realizaci\u00f3n y planificaci\u00f3n de Procesos Contables. Aplicaci\u00f3n de las Normas Internacionales de Contabilidad. Capacitado en Auditor\u00eda Forense y participaci\u00f3n [&hellip;]<\/p>\n","protected":false},"author":8,"featured_media":0,"parent":0,"menu_order":8,"comment_status":"closed","ping_status":"closed","template":"","meta":[],"_links":{"self":[{"href":"https:\/\/www.despachoromacr.com\/en\/wp-json\/wp\/v2\/pages\/6062"}],"collection":[{"href":"https:\/\/www.despachoromacr.com\/en\/wp-json\/wp\/v2\/pages"}],"about":[{"href":"https:\/\/www.despachoromacr.com\/en\/wp-json\/wp\/v2\/types\/page"}],"author":[{"embeddable":true,"href":"https:\/\/www.despachoromacr.com\/en\/wp-json\/wp\/v2\/users\/8"}],"replies":[{"embeddable":true,"href":"https:\/\/www.despachoromacr.com\/en\/wp-json\/wp\/v2\/comments?post=6062"}],"version-history":[{"count":6,"href":"https:\/\/www.despachoromacr.com\/en\/wp-json\/wp\/v2\/pages\/6062\/revisions"}],"predecessor-version":[{"id":6477,"href":"https:\/\/www.despachoromacr.com\/en\/wp-json\/wp\/v2\/pages\/6062\/revisions\/6477"}],"wp:attachment":[{"href":"https:\/\/www.despachoromacr.com\/en\/wp-json\/wp\/v2\/media?parent=6062"}],"curies":[{"name":"wp","href":"https:\/\/api.w.org\/{rel}","templated":true}]}}