{"id":1021,"date":"2016-03-01T07:57:29","date_gmt":"2016-03-01T07:57:29","guid":{"rendered":"http:\/\/finance.thememove.com\/homepage-02-2\/"},"modified":"2025-09-05T11:27:10","modified_gmt":"2025-09-05T17:27:10","slug":"homepage-01","status":"publish","type":"page","link":"https:\/\/www.despachoromacr.com\/en\/","title":{"rendered":"Homepage 01"},"content":{"rendered":"<p>[vc_row full_width=&#8221;stretch_row_content_no_spaces&#8221; css=&#8221;.vc_custom_1452480528940{margin-bottom: 0px !important;}&#8221;][vc_column][rev_slider_vc alias=&#8221;tm-01&#8243;][\/vc_column][\/vc_row][vc_row css=&#8221;.vc_custom_1456819748823{margin-top: 0px !important;margin-bottom: 0px !important;padding-top: 80px !important;padding-bottom: 50px !important;}&#8221;][vc_column][vc_custom_heading text=&#8221;Nuestros Principios Rectores&#8221; font_container=&#8221;tag:h2|font_size:30|text_align:center|color:%23222222|line_height:1em&#8221; use_theme_fonts=&#8221;yes&#8221; tm_font_weight=&#8221;700&#8243; tm_letter_spacing=&#8221;-1px&#8221; el_class=&#8221;heading-center-black font-weight-700&#8243;][vc_custom_heading text=&#8221;Efectividad, coordinaci\u00f3n, sentido de oportunidad, comunicaci\u00f3n.&#8221; font_container=&#8221;tag:div|font_size:16|text_align:center|color:%23444444&#8243; use_theme_fonts=&#8221;yes&#8221; tm_letter_spacing=&#8221;0px&#8221; css=&#8221;.vc_custom_1705372721441{margin-top: 10px !important;}&#8221;][vc_empty_space height=&#8221;40&#8243;][vc_separator][vc_empty_space height=&#8221;40&#8243;][vc_custom_heading text=&#8221;Nuestros Valores&#8221; font_container=&#8221;tag:h2|font_size:30|text_align:center|color:%23222222|line_height:1em&#8221; use_theme_fonts=&#8221;yes&#8221; tm_font_weight=&#8221;700&#8243; tm_letter_spacing=&#8221;-1px&#8221; el_class=&#8221;heading-center-black font-weight-700&#8243;][vc_row_inner css=&#8221;.vc_custom_1456819217250{margin-top: 30px !important;margin-bottom: 0px !important;}&#8221;][vc_column_inner width=&#8221;1\/4&#8243; css=&#8221;.vc_custom_1452667621058{margin-bottom: 30px !important;}&#8221;][thememove_roundedicon icon=&#8221;fas fa-hand-holding-heart&#8221; align=&#8221;center&#8221; color=&#8221;#3769b5&#8243;][vc_custom_heading text=&#8221;Amor&#8221; font_container=&#8221;tag:h2|font_size:22|text_align:center|color:%23222222&#8243; use_theme_fonts=&#8221;yes&#8221; tm_letter_spacing=&#8221;0px&#8221; tm_font_weight=&#8221;700&#8243; css=&#8221;.vc_custom_1705373063147{margin-top: 25px !important;}&#8221; el_class=&#8221;font-weight-700&#8243; link=&#8221;url:http%3A%2F%2Fwww.despachoromacr.com%2Fnew-site%2Four-services%2F||&#8221;][vc_custom_heading text=&#8221;Creemos que el amor es nuestro fundamento y el hilo conductor que armoniza todo nuestro hacer, adem\u00e1s que nos lleva a actuar con empat\u00eda, respeto, solidaridad y sensibilidad en beneficio de nuestros clientes internos y externos.&#8221; font_container=&#8221;tag:div|font_size:16|text_align:center|color:%23444444&#8243; use_theme_fonts=&#8221;yes&#8221; tm_letter_spacing=&#8221;0px&#8221;][\/vc_column_inner][vc_column_inner width=&#8221;1\/4&#8243; css=&#8221;.vc_custom_1452667627594{margin-bottom: 30px !important;}&#8221;][thememove_roundedicon icon=&#8221;fas fa-fist-raised&#8221; align=&#8221;center&#8221; color=&#8221;#3769b5&#8243;][vc_custom_heading text=&#8221;Voluntad&#8221; font_container=&#8221;tag:h2|font_size:22|text_align:center|color:%23222222&#8243; use_theme_fonts=&#8221;yes&#8221; tm_letter_spacing=&#8221;0px&#8221; tm_font_weight=&#8221;700&#8243; css=&#8221;.vc_custom_1705373114778{margin-top: 25px !important;}&#8221; el_class=&#8221;font-weight-700&#8243; link=&#8221;url:http%3A%2F%2Fwww.despachoromacr.com%2Fnew-site%2Four-services%2F||&#8221;][vc_custom_heading text=&#8221;Creemos en la presencia de Dios en cada uno de nosotros. As\u00ed procedemos de manera intencionada y positiva en nuestro hacer, en procura siempre de cumplir nuestros compromisos.&#8221; font_container=&#8221;tag:div|font_size:16|text_align:center|color:%23444444&#8243; use_theme_fonts=&#8221;yes&#8221; tm_letter_spacing=&#8221;0px&#8221;][\/vc_column_inner][vc_column_inner width=&#8221;1\/4&#8243; css=&#8221;.vc_custom_1452667634722{margin-bottom: 30px !important;}&#8221;][thememove_roundedicon icon=&#8221;fas fa-suitcase&#8221; align=&#8221;center&#8221; color=&#8221;#3769b5&#8243;][vc_custom_heading text=&#8221;Trabajo&#8221; font_container=&#8221;tag:h2|font_size:22|text_align:center|color:%23222222&#8243; use_theme_fonts=&#8221;yes&#8221; tm_letter_spacing=&#8221;0px&#8221; tm_font_weight=&#8221;700&#8243; css=&#8221;.vc_custom_1705373161169{margin-top: 25px !important;}&#8221; el_class=&#8221;font-weight-700&#8243; link=&#8221;url:http%3A%2F%2Fwww.despachoromacr.com%2Fnew-site%2Four-services%2F||&#8221;][vc_custom_heading text=&#8221;Creemos que el trabajo en equipo, organizado y realizado con esfuerzo y calidad, es la llave que nos abre las puertas del desarrollo personal y profesional&#8221; font_container=&#8221;tag:div|font_size:16|text_align:center|color:%23444444&#8243; use_theme_fonts=&#8221;yes&#8221; tm_letter_spacing=&#8221;0px&#8221;][\/vc_column_inner][vc_column_inner width=&#8221;1\/4&#8243;][thememove_roundedicon icon=&#8221;fas fa-clipboard-list&#8221; align=&#8221;center&#8221; color=&#8221;#3769b5&#8243;][vc_custom_heading text=&#8221;Disciplina&#8221; font_container=&#8221;tag:h2|font_size:22|text_align:center|color:%23222222&#8243; use_theme_fonts=&#8221;yes&#8221; tm_letter_spacing=&#8221;0px&#8221; tm_font_weight=&#8221;700&#8243; css=&#8221;.vc_custom_1705373232194{margin-top: 25px !important;}&#8221; el_class=&#8221;font-weight-700&#8243; link=&#8221;url:http%3A%2F%2Fwww.despachoromacr.com%2Fnew-site%2Four-services%2F||&#8221;][vc_custom_heading text=&#8221;Creemos en hacer bien todo lo que nos corresponde, en el momento oportuno con dedicaci\u00f3n, confianza y constancia teniendo siempre un fin en mente.&#8221; font_container=&#8221;tag:div|font_size:16|text_align:center|color:%23444444&#8243; use_theme_fonts=&#8221;yes&#8221; tm_letter_spacing=&#8221;0px&#8221;][\/vc_column_inner][\/vc_row_inner][\/vc_column][\/vc_row][vc_row full_width=&#8221;stretch_row_content_no_spaces&#8221; equal_height=&#8221;yes&#8221; content_placement=&#8221;middle&#8221; css=&#8221;.vc_custom_1458008422949{margin-top: 0px !important;margin-bottom: 0px !important;padding-top: 0px !important;padding-bottom: 0px !important;}&#8221; el_class=&#8221;primary_bgcolor bg-gradient tm-fullwidth&#8221;][vc_column width=&#8221;1\/2&#8243; css=&#8221;.vc_custom_1755022232321{padding-top: 0px !important;padding-bottom: 0px !important;}&#8221;][vc_row_inner el_class=&#8221;w-570&#8243; css=&#8221;.vc_custom_1458551731252{padding-top: 80px !important;padding-bottom: 80px !important;}&#8221;][vc_column_inner][vc_custom_heading text=&#8221;Sobre nosotros&#8221; font_container=&#8221;tag:h2|font_size:30|text_align:left|color:%23ffffff|line_height:1em&#8221; use_theme_fonts=&#8221;yes&#8221; tm_font_weight=&#8221;700&#8243; tm_letter_spacing=&#8221;-1px&#8221; el_class=&#8221;heading-left-white font-weight-700&#8243; link=&#8221;url:http%3A%2F%2Fwww.despachoromacr.com%2Fnew-site%2Four-services%2F||&#8221; css=&#8221;.vc_custom_1755022786318{margin-bottom: 15px !important;}&#8221;][vc_custom_heading text=&#8221;Somos una Firma con m\u00e1s de 20 a\u00f1os de experiencia en el mercado costarricense. Trabajamos con nuestros clientes para ayudarles a tener una visi\u00f3n a fondo de su situaci\u00f3n financiera, facilit\u00e1ndoles la operacionalizaci\u00f3n de las decisiones de negocio. Adem\u00e1s, brindamos todos los servicios administrativos necesarios para el adecuado funcionamiento de las empresas y les orientamos en el cumplimiento de las obligaciones tributarias.&#8221; font_container=&#8221;tag:div|font_size:16px|text_align:left|color:%23ffffff|line_height:1.8em&#8221; use_theme_fonts=&#8221;yes&#8221; tm_font_weight=&#8221;100&#8243; css=&#8221;.vc_custom_1755022823392{margin-top: 0px !important;margin-bottom: 15px !important;}&#8221;][thememove_button type=&#8221;2&#8243; link=&#8221;http:\/\/www.despachoromacr.com\/wp160505\/about-us\/&#8221; text=&#8221;Leer m\u00e1s&#8221;][\/vc_column_inner][\/vc_row_inner][\/vc_column][vc_column width=&#8221;1\/2&#8243; css=&#8221;.vc_custom_1597277174957{padding-top: 0px !important;padding-right: 0px !important;padding-bottom: 0px !important;padding-left: 0px !important;background-image: url(http:\/\/www.despachoromacr.com\/wp160505\/wp-content\/uploads\/2020\/08\/portada-08-2020.jpg?id=6091) !important;background-position: center !important;background-repeat: no-repeat !important;background-size: contain !important;}&#8221; el_class=&#8221;bg-cover&#8221; offset=&#8221;vc_hidden-sm vc_hidden-xs&#8221;][vc_empty_space height=&#8221;800&#8243;][\/vc_column][\/vc_row][vc_row full_width=&#8221;stretch_row&#8221; el_class=&#8221;primary_bgcolor bg-gradient&#8221; css=&#8221;.vc_custom_1755022864871{margin-top: 0px !important;margin-bottom: 0px !important;padding-top: 30px !important;padding-bottom: 30px !important;}&#8221;][vc_column width=&#8221;1\/3&#8243; css=&#8221;.vc_custom_1458113530416{margin-top: 0px !important;margin-bottom: 20px !important;padding-top: 0px !important;}&#8221;][vc_raw_html css=&#8221;.vc_custom_1464984698446{margin-top: 0px !important;margin-bottom: 0px !important;padding-top: 0px !important;}&#8221;]JTNDZGl2JTIwY2xhc3MlM0QlMjJ0bS1ob21lLWNvbnRhY3QlMjIlM0UlMEElM0NkaXYlMjBjbGFzcyUzRCUyMnRtLWhvbWUtY29udGFjdC1sZWZ0JTIyJTNFJTBBJTNDc3BhbiUyMGNsYXNzJTNEJTIydG0taG9tZS1jb250YWN0LWljb24lMjBwZS03cy1jYWxsJTIyJTNFJTNDJTJGc3BhbiUzRSUwQSUzQyUyRmRpdiUzRSUwQSUzQ2RpdiUyMGNsYXNzJTNEJTIydG0taG9tZS1jb250YWN0LXJpZ2h0JTIyJTNFJTBBJTNDc3BhbiUyMGNsYXNzJTNEJTIydG0taG9tZS1jb250YWN0LXNtYWxsJTIyJTNFTGwlQzMlQTFtZW5vcyUzQyUyRnNwYW4lM0UlMEElM0NzcGFuJTIwY2xhc3MlM0QlMjJ0bS1ob21lLWNvbnRhY3QtYmlnJTIyJTNFJTBBVGVsJTNBJTIwJTI4NTA2JTI5JTIwMjIzNi01MDgyJTNDJTJGc3BhbiUzRSUwQSUzQyUyRmRpdiUzRSUwQSUzQyUyRmRpdiUzRQ==[\/vc_raw_html][\/vc_column][vc_column width=&#8221;1\/3&#8243; css=&#8221;.vc_custom_1458113539047{margin-top: 0px !important;margin-bottom: 20px !important;padding-top: 0px !important;}&#8221;][vc_raw_html css=&#8221;.vc_custom_1464984724998{margin-top: 0px !important;margin-bottom: 0px !important;padding-top: 0px !important;}&#8221;]JTNDZGl2JTIwY2xhc3MlM0QlMjJ0bS1ob21lLWNvbnRhY3QlMjIlM0UlMEElM0NkaXYlMjBjbGFzcyUzRCUyMnRtLWhvbWUtY29udGFjdC1sZWZ0JTIyJTNFJTBBJTNDc3BhbiUyMGNsYXNzJTNEJTIydG0taG9tZS1jb250YWN0LWljb24lMjBwZS03cy1tYWlsLW9wZW4tZmlsZSUyMiUzRSUzQyUyRnNwYW4lM0UlMEElM0MlMkZkaXYlM0UlMEElM0NkaXYlMjBjbGFzcyUzRCUyMnRtLWhvbWUtY29udGFjdC1yaWdodCUyMiUzRSUwQSUzQ3NwYW4lMjBjbGFzcyUzRCUyMnRtLWhvbWUtY29udGFjdC1zbWFsbCUyMiUzRUVzY3IlQzMlQURiYW5vcyUzQyUyRnNwYW4lM0UlMEElM0NzcGFuJTIwY2xhc3MlM0QlMjJ0bS1ob21lLWNvbnRhY3QtYmlnJTIyJTNFaW5mbyU0MGRlc3BhY2hvcm9tYWNyLmNvbSUzQyUyRnNwYW4lM0UlMEElM0MlMkZkaXYlM0UlMEElM0MlMkZkaXYlM0U=[\/vc_raw_html][\/vc_column][vc_column width=&#8221;1\/3&#8243; css=&#8221;.vc_custom_1458113545439{margin-bottom: 20px !important;}&#8221;][vc_raw_html css=&#8221;.vc_custom_1673363788978{margin-top: 0px !important;margin-bottom: 0px !important;padding-top: 0px !important;}&#8221;]JTNDZGl2JTIwY2xhc3MlM0QlMjJ0bS1ob21lLWNvbnRhY3QlMjIlM0UlMEElM0NkaXYlMjBjbGFzcyUzRCUyMnRtLWhvbWUtY29udGFjdC1sZWZ0JTIyJTNFJTBBJTNDc3BhbiUyMGNsYXNzJTNEJTIydG0taG9tZS1jb250YWN0LWljb24lMjBwZS03cy1tYXAtbWFya2VyJTIyJTNFJTNDJTJGc3BhbiUzRSUwQSUzQyUyRmRpdiUzRSUwQSUzQ2RpdiUyMGNsYXNzJTNEJTIydG0taG9tZS1jb250YWN0LXJpZ2h0JTIyJTNFJTBBJTNDc3BhbiUyMGNsYXNzJTNEJTIydG0taG9tZS1jb250YWN0LXNtYWxsJTIyJTNFRGlyZWNjaSVDMyVCM24lM0MlMkZzcGFuJTNFJTBBJTNDc3BhbiUyMGNsYXNzJTNEJTIydG0taG9tZS1jb250YWN0LWJpZyUyMiUzRURlc3BhY2hvJTIwUm9tYSUzQyUyRnNwYW4lM0UlMjAlM0NhJTIwaHJlZiUzRCUyMmh0dHBzJTNBJTJGJTJGbW9iaWxlLXdlYi53b3JsZC53YXplLmNvbSUyRmVuX0dCJTJGbWVldHVwJTJGbG9jYXRpb24lM0ZoJTNEZDF1MHdzZ3pnJTIyJTIwdGFyZ2V0JTNEJTIyX2JsYW5rJTIyJTIwc3R5bGUlM0QlMjJjb2xvciUzQSUyMCUyM2ZmZiUzQmZvbnQtd2VpZ2h0JTNBJTIwYm9sZCUzQiUyMiUzRVdhemUlM0MlMkZhJTNFJTBBJTNDJTJGZGl2JTNFJTBBJTNDJTJGZGl2JTNF[\/vc_raw_html][\/vc_column][\/vc_row][vc_row full_width=&#8221;stretch_row_content_no_spaces&#8221; el_class=&#8221;tm-wpcf7 opacity-bg opacity-bg-40&#8243; css=&#8221;.vc_custom_1458550046851{padding-top: 0px !important;padding-right: 0px !important;padding-bottom: 0px !important;padding-left: 0px !important;background-image: url(http:\/\/www.despachoromacr.com\/wp160505\/wp-content\/uploads\/2016\/03\/home02_i3.jpg?id=1035) !important;}&#8221;][vc_column css=&#8221;.vc_custom_1456472856800{margin-top: 0px !important;padding-top: 0px !important;padding-bottom: 0px !important;}&#8221;][vc_row_inner el_class=&#8221;tm-wpcf7-box2 w-630&#8243; css=&#8221;.vc_custom_1458550174418{margin-top: 70px !important;padding-top: 15px !important;padding-right: 30px !important;padding-bottom: 15px !important;padding-left: 30px !important;background-color: #ffffff !important;}&#8221;][vc_column_inner][vc_custom_heading text=&#8221;Solicitar devoluci\u00f3n de llamada&#8221; font_container=&#8221;tag:h2|font_size:30|text_align:center|color:%23222222|line_height:1em&#8221; use_theme_fonts=&#8221;yes&#8221; tm_font_weight=&#8221;700&#8243; tm_letter_spacing=&#8221;-1px&#8221; el_class=&#8221;heading-left-black font-weight-700&#8243;][vc_custom_heading text=&#8221;\u00bfLe gustar\u00eda que uno de nuestros colaboradores le contacte?&#8221; font_container=&#8221;tag:div|font_size:16|text_align:center|color:%23444444|line_height:1.8em&#8221; use_theme_fonts=&#8221;yes&#8221; tm_letter_spacing=&#8221;0px&#8221; css=&#8221;.vc_custom_1473188892279{margin-top: 20px !important;margin-bottom: 30px !important;}&#8221;]<div class=\"wpcf7 no-js\" id=\"wpcf7-f136-o1\" lang=\"en-US\" dir=\"ltr\">\n<div class=\"screen-reader-response\"><p role=\"status\" aria-live=\"polite\" aria-atomic=\"true\"><\/p> <ul><\/ul><\/div>\n<form action=\"\/en\/wp-json\/wp\/v2\/pages\/1021#wpcf7-f136-o1\" method=\"post\" class=\"wpcf7-form init\" aria-label=\"Contact form\" novalidate=\"novalidate\" data-status=\"init\">\n<div style=\"display: none;\">\n<input type=\"hidden\" name=\"_wpcf7\" value=\"136\" \/>\n<input type=\"hidden\" name=\"_wpcf7_version\" value=\"5.7.2\" \/>\n<input type=\"hidden\" name=\"_wpcf7_locale\" value=\"en_US\" \/>\n<input type=\"hidden\" name=\"_wpcf7_unit_tag\" value=\"wpcf7-f136-o1\" \/>\n<input type=\"hidden\" name=\"_wpcf7_container_post\" value=\"0\" \/>\n<input type=\"hidden\" name=\"_wpcf7_posted_data_hash\" value=\"\" \/>\n<\/div>\n<p><span class=\"wpcf7-form-control-wrap\" data-name=\"your-name\"><input size=\"40\" class=\"wpcf7-form-control wpcf7-text wpcf7-validates-as-required\" aria-required=\"true\" aria-invalid=\"false\" placeholder=\"Nombre\" value=\"\" type=\"text\" name=\"your-name\" \/><\/span>\n<\/p>\n<p><span class=\"wpcf7-form-control-wrap\" data-name=\"Iwouldliketodiscuss\"><select class=\"wpcf7-form-control wpcf7-select\" aria-invalid=\"false\" name=\"Iwouldliketodiscuss\"><option value=\"Tipo de consulta\">Tipo de consulta<\/option><option value=\"Financiera\">Financiera<\/option><option value=\"Tributaria\">Tributaria<\/option><option value=\"Administrativa\">Administrativa<\/option><option value=\"Laboral\">Laboral<\/option><\/select><\/span>\n<\/p>\n<p><span class=\"wpcf7-form-control-wrap\" data-name=\"your-email\"><input size=\"40\" class=\"wpcf7-form-control wpcf7-text wpcf7-email wpcf7-validates-as-required wpcf7-validates-as-email\" aria-required=\"true\" aria-invalid=\"false\" placeholder=\"Email\" value=\"\" type=\"email\" name=\"your-email\" \/><\/span>\n<\/p>\n<p><span class=\"wpcf7-form-control-wrap\" data-name=\"your-phone\"><input size=\"40\" class=\"wpcf7-form-control wpcf7-text wpcf7-tel wpcf7-validates-as-tel\" aria-invalid=\"false\" placeholder=\"Tel\u00e9fono\" value=\"\" type=\"tel\" name=\"your-phone\" \/><\/span>\n<\/p>\n<p><input class=\"wpcf7-form-control has-spinner wpcf7-submit\" type=\"submit\" value=\"Enviar\" \/>\n<\/p><p style=\"display: none !important;\" class=\"akismet-fields-container\" data-prefix=\"_wpcf7_ak_\"><label>&#916;<textarea name=\"_wpcf7_ak_hp_textarea\" cols=\"45\" rows=\"8\" maxlength=\"100\"><\/textarea><\/label><input type=\"hidden\" id=\"ak_js_1\" name=\"_wpcf7_ak_js\" value=\"192\"\/><script>document.getElementById( \"ak_js_1\" ).setAttribute( \"value\", ( new Date() ).getTime() );<\/script><\/p><div class=\"wpcf7-response-output\" aria-hidden=\"true\"><\/div><\/form><\/div>[\/vc_column_inner][\/vc_row_inner][vc_row_inner][vc_column_inner css=&#8221;.vc_custom_1750782035553{background-color: #ffffff !important;}&#8221;][\/vc_column_inner][\/vc_row_inner][\/vc_column][\/vc_row][vc_row full_width=&#8221;stretch_row&#8221; css=&#8221;.vc_custom_1464991221242{margin-top: 0px !important;margin-bottom: 0px !important;padding-top: 25px !important;padding-bottom: 25px !important;background-color: #ffffff !important;}&#8221;][vc_column][vc_row_inner][vc_column_inner width=&#8221;1\/4&#8243;][\/vc_column_inner][vc_column_inner width=&#8221;1\/2&#8243;][vc_single_image image=&#8221;6461&#8243; img_size=&#8221;full&#8221; alignment=&#8221;center&#8221; onclick=&#8221;custom_link&#8221; css_animation=&#8221;appear&#8221; link=&#8221;#&#8221; el_class=&#8221;img_opacity_100 img_height_60&#8243;][\/vc_column_inner][vc_column_inner width=&#8221;1\/4&#8243;][\/vc_column_inner][\/vc_row_inner][\/vc_column][\/vc_row][vc_row full_width=&#8221;stretch_row&#8221; content_placement=&#8221;middle&#8221; css=&#8221;.vc_custom_1757093024180{background-color: #630f37 !important;}&#8221;][vc_column width=&#8221;1\/3&#8243;][vc_single_image image=&#8221;6472&#8243; img_size=&#8221;medium&#8221;][vc_column_text]<span style=\"color: #ffffff;\"><em>\u201cLo f\u00e1cil lo hicimos ayer, lo dif\u00edcil<\/em><\/span><br \/>\n<span style=\"color: #ffffff;\"><em>ya lo terminamos, lo imposible\u2026<\/em><\/span><br \/>\n<span style=\"color: #ffffff;\"><em>estamos en eso\u201d<\/em><\/span>[\/vc_column_text][vc_column_text]<span style=\"color: #ffffff;\">Despacho Roma 2025 \u00a9<\/span>[\/vc_column_text][\/vc_column][vc_column width=&#8221;1\/3&#8243;][vc_column_text]<span style=\"color: #ffffff;\">\u00bfQui\u00e9nes somos?<\/span><\/p>\n<p><span style=\"color: #ffffff;\">Nuestros Servicios<\/span><\/p>\n<p><span style=\"color: #ffffff;\">Bolsa de Empleo<\/span><\/p>\n<p><span style=\"color: #ffffff;\">Cont\u00e1ctenos<\/span>[\/vc_column_text][\/vc_column][vc_column width=&#8221;1\/3&#8243;][vc_column_text]<span style=\"color: #ffffff;\"><img decoding=\"async\" loading=\"lazy\" class=\"wp-image-6473 alignleft\" src=\"https:\/\/www.despachoromacr.com\/wp160505\/wp-content\/uploads\/2025\/08\/AssLOGO-PYME-CON-IDet-1-e1755031333722-203x300.png\" alt=\"\" width=\"66\" height=\"97\" \/><\/span><\/p>\n<p><span style=\"color: #ffffff;\">Nuestra empresa se<\/span><br \/>\n<span style=\"color: #ffffff;\">encuentra debidamente<\/span><br \/>\n<span style=\"color: #ffffff;\">registrada como PYME.<\/span><br \/>\n<span style=\"color: #ffffff;\">\u00a0<\/span>[\/vc_column_text][vc_separator color=&#8221;white&#8221;][vc_column_text]<span style=\"color: #ffffff;\"><img decoding=\"async\" loading=\"lazy\" class=\"alignnone wp-image-6481 alignleft\" src=\"https:\/\/www.despachoromacr.com\/wp160505\/wp-content\/uploads\/2025\/09\/logo-amcham-Blanco-300x183.png\" alt=\"\" width=\"118\" height=\"72\" srcset=\"https:\/\/www.despachoromacr.com\/wp160505\/wp-content\/uploads\/2025\/09\/logo-amcham-Blanco-300x183.png 300w, https:\/\/www.despachoromacr.com\/wp160505\/wp-content\/uploads\/2025\/09\/logo-amcham-Blanco-768x469.png 768w, https:\/\/www.despachoromacr.com\/wp160505\/wp-content\/uploads\/2025\/09\/logo-amcham-Blanco.png 846w\" sizes=\"(max-width: 118px) 100vw, 118px\" \/><\/span><\/p>\n<p><span style=\"color: #ffffff;\">Somos afiliados a la C\u00e1mara<\/span><br \/>\n<span style=\"color: #ffffff;\">Costarricense-Norteamericana<\/span><br \/>\n<span style=\"color: #ffffff;\">de Comercio<\/span><br \/>\n<span style=\"color: #ffffff;\">\u00a0<\/span>[\/vc_column_text][\/vc_column][\/vc_row]<\/p>\n","protected":false},"excerpt":{"rendered":"<p>[vc_row full_width=&#8221;stretch_row_content_no_spaces&#8221; css=&#8221;.vc_custom_1452480528940{margin-bottom: 0px !important;}&#8221;][vc_column][rev_slider_vc alias=&#8221;tm-01&#8243;][\/vc_column][\/vc_row][vc_row css=&#8221;.vc_custom_1456819748823{margin-top: 0px !important;margin-bottom: 0px !important;padding-top: 80px !important;padding-bottom: 50px !important;}&#8221;][vc_column][vc_custom_heading text=&#8221;Nuestros Principios Rectores&#8221; font_container=&#8221;tag:h2|font_size:30|text_align:center|color:%23222222|line_height:1em&#8221; use_theme_fonts=&#8221;yes&#8221; tm_font_weight=&#8221;700&#8243; tm_letter_spacing=&#8221;-1px&#8221; el_class=&#8221;heading-center-black font-weight-700&#8243;][vc_custom_heading text=&#8221;Efectividad, coordinaci\u00f3n, sentido de oportunidad, comunicaci\u00f3n.&#8221; font_container=&#8221;tag:div|font_size:16|text_align:center|color:%23444444&#8243; use_theme_fonts=&#8221;yes&#8221; tm_letter_spacing=&#8221;0px&#8221; css=&#8221;.vc_custom_1705372721441{margin-top: 10px !important;}&#8221;][vc_empty_space height=&#8221;40&#8243;][vc_separator][vc_empty_space height=&#8221;40&#8243;][vc_custom_heading text=&#8221;Nuestros Valores&#8221; font_container=&#8221;tag:h2|font_size:30|text_align:center|color:%23222222|line_height:1em&#8221; use_theme_fonts=&#8221;yes&#8221; tm_font_weight=&#8221;700&#8243; tm_letter_spacing=&#8221;-1px&#8221; el_class=&#8221;heading-center-black font-weight-700&#8243;][vc_row_inner css=&#8221;.vc_custom_1456819217250{margin-top: 30px !important;margin-bottom: 0px !important;}&#8221;][vc_column_inner width=&#8221;1\/4&#8243; css=&#8221;.vc_custom_1452667621058{margin-bottom: 30px !important;}&#8221;][thememove_roundedicon [&hellip;]<\/p>\n","protected":false},"author":4,"featured_media":0,"parent":0,"menu_order":15,"comment_status":"closed","ping_status":"closed","template":"","meta":[],"_links":{"self":[{"href":"https:\/\/www.despachoromacr.com\/en\/wp-json\/wp\/v2\/pages\/1021"}],"collection":[{"href":"https:\/\/www.despachoromacr.com\/en\/wp-json\/wp\/v2\/pages"}],"about":[{"href":"https:\/\/www.despachoromacr.com\/en\/wp-json\/wp\/v2\/types\/page"}],"author":[{"embeddable":true,"href":"https:\/\/www.despachoromacr.com\/en\/wp-json\/wp\/v2\/users\/4"}],"replies":[{"embeddable":true,"href":"https:\/\/www.despachoromacr.com\/en\/wp-json\/wp\/v2\/comments?post=1021"}],"version-history":[{"count":39,"href":"https:\/\/www.despachoromacr.com\/en\/wp-json\/wp\/v2\/pages\/1021\/revisions"}],"predecessor-version":[{"id":6482,"href":"https:\/\/www.despachoromacr.com\/en\/wp-json\/wp\/v2\/pages\/1021\/revisions\/6482"}],"wp:attachment":[{"href":"https:\/\/www.despachoromacr.com\/en\/wp-json\/wp\/v2\/media?parent=1021"}],"curies":[{"name":"wp","href":"https:\/\/api.w.org\/{rel}","templated":true}]}}